{"id":1266,"date":"2022-01-19T12:23:49","date_gmt":"2022-01-19T12:23:49","guid":{"rendered":"https:\/\/senergyapp.com\/contacte\/"},"modified":"2022-01-26T09:50:31","modified_gmt":"2022-01-26T09:50:31","slug":"contacte","status":"publish","type":"page","link":"https:\/\/senergyapp.com\/ca\/contacte\/","title":{"rendered":"Contacte"},"content":{"rendered":"<div class=\"fusion-fullwidth fullwidth-box fusion-builder-row-1 fusion-flex-container nonhundred-percent-fullwidth non-hundred-percent-height-scrolling\" style=\"--awb-border-radius-top-left:0px;--awb-border-radius-top-right:0px;--awb-border-radius-bottom-right:0px;--awb-border-radius-bottom-left:0px;--awb-padding-top:50px;--awb-padding-top-small:60px;--awb-flex-wrap:wrap;\" ><div class=\"fusion-builder-row fusion-row fusion-flex-align-items-stretch fusion-flex-justify-content-center fusion-flex-content-wrap\" style=\"max-width:1248px;margin-left: calc(-4% \/ 2 );margin-right: calc(-4% \/ 2 );\"><div class=\"fusion-layout-column fusion_builder_column fusion-builder-column-0 fusion_builder_column_1_1 1_1 fusion-flex-column fusion-flex-align-self-center fusion-animated\" style=\"--awb-padding-right:150px;--awb-padding-left:150px;--awb-padding-right-small:0px;--awb-padding-left-small:0px;--awb-bg-size:cover;--awb-width-large:100%;--awb-margin-top-large:0px;--awb-spacing-right-large:1.92%;--awb-margin-bottom-large:20px;--awb-spacing-left-large:1.92%;--awb-width-medium:100%;--awb-order-medium:0;--awb-spacing-right-medium:1.92%;--awb-spacing-left-medium:1.92%;--awb-width-small:100%;--awb-order-small:0;--awb-spacing-right-small:1.92%;--awb-spacing-left-small:1.92%;\" data-animationType=\"fadeInLeft\" data-animationDuration=\"1.0\" data-animationOffset=\"top-into-view\"><div class=\"fusion-column-wrapper fusion-column-has-shadow fusion-flex-justify-content-flex-start fusion-content-layout-column\"><div class=\"fusion-text fusion-text-1\" style=\"--awb-content-alignment:center;--awb-font-size:26px;--awb-line-height:1rem;--awb-text-color:#004188;--awb-text-font-family:&quot;Poppins&quot;;--awb-text-font-style:normal;--awb-text-font-weight:800;\"><p>Contacta&#8217;ns<\/p>\n<\/div><div class=\"fusion-title title fusion-title-1 fusion-no-small-visibility fusion-sep-none fusion-title-center fusion-title-rotating fusion-animate-once fusion-title-clipIn fusion-title-size-two\" style=\"--awb-text-color:#7a00a3;--awb-margin-top:-10px;--awb-margin-bottom:30px;--awb-font-size:39px;\"><h2 class=\"fusion-title-heading title-heading-center fusion-responsive-typography-calculated\" style=\"font-family:&quot;Poppins&quot;;font-style:normal;font-weight:800;margin:0;font-size:1em;letter-spacing:-1px;--fontSize:39;line-height:1.2;\"><span class=\"fusion-animated-text-prefix\"><\/span> <span class=\"fusion-animated-texts-wrapper\" style=\"text-align: center;\" data-length=\"line\" data-minDisplayTime=\"1200\"><span class=\"fusion-animated-texts\"><span data-in-effect=\"clipIn\" class=\"fusion-animated-text\" data-in-sequence=\"true\" data-out-reverse=\"true\" data-out-effect=\"clipOut\">En qu\u00e8 et podem ajudar?<\/span><\/span><\/span> <span class=\"fusion-animated-text-postfix\"><\/span><\/h2><\/div><div class=\"fusion-title title fusion-title-2 fusion-no-medium-visibility fusion-no-large-visibility fusion-sep-none fusion-title-center fusion-title-text fusion-title-size-two\" style=\"--awb-text-color:#00ca72;--awb-margin-top:-10px;--awb-margin-bottom:30px;--awb-font-size:39px;\"><h2 class=\"fusion-title-heading title-heading-center fusion-responsive-typography-calculated\" style=\"font-family:&quot;Poppins&quot;;font-style:normal;font-weight:800;margin:0;font-size:1em;letter-spacing:-1px;--fontSize:39;line-height:1.2;\">Estem aqu\u00ed per ajudar<\/h2><\/div><div class=\"fusion-text fusion-text-2\" style=\"--awb-font-size:20px;--awb-text-transform:none;\"><p style=\"text-align: center;\">Si t&#8217;interessa saber m\u00e9s sobre SenergyApp o vols provar el test, envia&#8217;ns les teves dades a trav\u00e9s del formulari.<\/p>\n<\/div><\/div><\/div><div class=\"fusion-layout-column fusion_builder_column fusion-builder-column-1 fusion_builder_column_1_1 1_1 fusion-flex-column fusion-animated\" style=\"--awb-bg-size:cover;--awb-width-large:100%;--awb-margin-top-large:0px;--awb-spacing-right-large:1.92%;--awb-margin-bottom-large:20px;--awb-spacing-left-large:1.92%;--awb-width-medium:100%;--awb-order-medium:0;--awb-spacing-right-medium:1.92%;--awb-spacing-left-medium:1.92%;--awb-width-small:100%;--awb-order-small:0;--awb-spacing-right-small:1.92%;--awb-spacing-left-small:1.92%;\" data-animationType=\"fadeInUp\" data-animationDuration=\"1.0\" data-animationOffset=\"top-into-view\"><div class=\"fusion-column-wrapper fusion-column-has-shadow fusion-flex-justify-content-flex-start fusion-content-layout-column\"><a class=\"fusion-modal-text-link\" id=\"&quot;904&quot;\" href=\"#\">\n<div class=\"wpcf7 no-js\" id=\"wpcf7-f1392-o1\" lang=\"es-ES\" dir=\"ltr\" data-wpcf7-id=\"1392\">\n<div class=\"screen-reader-response\"><p role=\"status\" aria-live=\"polite\" aria-atomic=\"true\"><\/p> <ul><\/ul><\/div>\n<form action=\"\/ca\/wp-json\/wp\/v2\/pages\/1266#wpcf7-f1392-o1\" method=\"post\" class=\"wpcf7-form init\" aria-label=\"Formulario de contacto\" novalidate=\"novalidate\" data-status=\"init\">\n<div style=\"display: none;\">\n<input type=\"hidden\" name=\"_wpcf7\" value=\"1392\" \/>\n<input type=\"hidden\" name=\"_wpcf7_version\" value=\"6.0.6\" \/>\n<input type=\"hidden\" name=\"_wpcf7_locale\" value=\"es_ES\" \/>\n<input type=\"hidden\" name=\"_wpcf7_unit_tag\" value=\"wpcf7-f1392-o1\" \/>\n<input type=\"hidden\" name=\"_wpcf7_container_post\" value=\"0\" \/>\n<input type=\"hidden\" name=\"_wpcf7_posted_data_hash\" value=\"\" \/>\n<\/div>\n<p><label> El teu nom*<br \/>\n<span class=\"wpcf7-form-control-wrap\" data-name=\"your-name\"><input size=\"40\" maxlength=\"400\" class=\"wpcf7-form-control wpcf7-text wpcf7-validates-as-required\" aria-required=\"true\" aria-invalid=\"false\" value=\"\" type=\"text\" name=\"your-name\" \/><\/span> <\/label>\n<\/p>\n<p><label> El teu correu electr\u00f2nic*<br \/>\n<span class=\"wpcf7-form-control-wrap\" data-name=\"your-email\"><input size=\"40\" maxlength=\"400\" class=\"wpcf7-form-control wpcf7-email wpcf7-validates-as-required wpcf7-text wpcf7-validates-as-email\" aria-required=\"true\" aria-invalid=\"false\" value=\"\" type=\"email\" name=\"your-email\" \/><\/span> <\/label>\n<\/p>\n<p><label> Assumpte<br \/>\n<span class=\"wpcf7-form-control-wrap\" data-name=\"your-subject\"><input size=\"40\" maxlength=\"400\" class=\"wpcf7-form-control wpcf7-text\" aria-invalid=\"false\" value=\"\" type=\"text\" name=\"your-subject\" \/><\/span> <\/label>\n<\/p>\n<p><label> El teu missatge*<br \/>\n<span class=\"wpcf7-form-control-wrap\" data-name=\"your-message\"><textarea cols=\"40\" rows=\"10\" maxlength=\"2000\" class=\"wpcf7-form-control wpcf7-textarea wpcf7-validates-as-required\" aria-required=\"true\" aria-invalid=\"false\" name=\"your-message\"><\/textarea><\/span> <\/label>\n<\/p>\n<p style=\"margin-bottom: 25px;\"><span class=\"wpcf7-form-control-wrap\" data-name=\"AceptoDatos\"><span class=\"wpcf7-form-control wpcf7-acceptance\"><span class=\"wpcf7-list-item\"><label><input type=\"checkbox\" name=\"AceptoDatos\" value=\"1\" checked=\"checked\" aria-invalid=\"false\" \/><span class=\"wpcf7-list-item-label\">He llegit i acceptat les condicions contingudes a la Pol\u00edtica de Privacitat sobre el tractament de les meves dades per gestionar la meva consulta o petici\u00f3.<\/span><\/label><\/span><\/span><\/span>\n<\/p>\n<p style=\"text-align: left; font-size: 12px;\"><strong>RESPONSABLE TRACTAMENT<\/strong>: INSTITUTE FOR TRANSFORMATIONAL LEADERSHIP, S.L.<br \/>\n<strong>FINALITAT<\/strong>: Atendre la sol\u00b7licitud de l\u2019usuari.<br \/>\n<strong>LEGITIMACI\u00d3<\/strong>: Consentiment de l\u2018interessat.<br \/>\n<strong>CESSIONS<\/strong>: Es preveu la cessi\u00f3 de les seves dades a INSTITUTE FOR TRANSFORMATIONAL LEADERSHIP amb NIF B66871393 i per obligaci\u00f3 legal o requeriment judicial.<br \/>\n<strong>DRETS<\/strong>: Acc\u00e9s, rectificaci\u00f3, supressi\u00f3, oposici\u00f3, limitaci\u00f3, portabilitat, revocaci\u00f3 del consentiment. Si considera que el tractament de les seves dades no s\u2019ajusta a la normativa, pot acudir a l\u2019Autoritat de Control<br \/>\n<a href=\"https:\/\/www.aepd.es\"> (www.aepd.es)<\/a>.<br \/>\n<strong>INFORMACI\u00d3 ADDICIONAL<\/strong>:<a href=\"https:\/\/iftl.eu\/politica-de-privacitat\/?lang=ca\"> Pol\u00edtica de Privacitat<\/a>.\n<\/p>\n<p><input class=\"wpcf7-form-control wpcf7-submit has-spinner\" type=\"submit\" value=\"Enviar\" \/>\n<\/p><div class=\"fusion-alert alert custom alert-custom fusion-alert-center wpcf7-response-output awb-alert-native-link-color alert-dismissable awb-alert-close-boxed\" style=\"--awb-border-size:1px;--awb-border-top-left-radius:0px;--awb-border-top-right-radius:0px;--awb-border-bottom-left-radius:0px;--awb-border-bottom-right-radius:0px;\" role=\"alert\"><div class=\"fusion-alert-content-wrapper\"><span class=\"fusion-alert-content\"><\/span><\/div><button type=\"button\" class=\"close toggle-alert\" data-dismiss=\"alert\" aria-label=\"Close\">&times;<\/button><\/div>\n<\/form>\n<\/div>\n<\/a><\/div><\/div><\/div><\/div>\n","protected":false},"excerpt":{"rendered":"","protected":false},"author":1,"featured_media":0,"parent":0,"menu_order":0,"comment_status":"closed","ping_status":"closed","template":"100-width.php","meta":{"footnotes":""},"class_list":["post-1266","page","type-page","status-publish","hentry"],"yoast_head":"<!-- This site is optimized with the Yoast SEO plugin v25.0 - https:\/\/yoast.com\/wordpress\/plugins\/seo\/ -->\n<title>Contacte - SenergyApp I Mejora la productividad de tu organizaci\u00f3n.<\/title>\n<meta name=\"robots\" content=\"index, follow, max-snippet:-1, max-image-preview:large, max-video-preview:-1\" \/>\n<link rel=\"canonical\" href=\"https:\/\/senergyapp.com\/ca\/contacte\/\" \/>\n<meta property=\"og:locale\" content=\"ca_ES\" \/>\n<meta property=\"og:type\" content=\"article\" \/>\n<meta property=\"og:title\" content=\"Contacte - SenergyApp I Mejora la productividad de tu organizaci\u00f3n.\" \/>\n<meta property=\"og:url\" content=\"https:\/\/senergyapp.com\/ca\/contacte\/\" \/>\n<meta property=\"og:site_name\" content=\"SenergyApp I Mejora la productividad de tu organizaci\u00f3n.\" \/>\n<meta property=\"article:modified_time\" content=\"2022-01-26T09:50:31+00:00\" \/>\n<meta name=\"twitter:card\" content=\"summary_large_image\" \/>\n<meta name=\"twitter:label1\" content=\"Temps estimat de lectura\" \/>\n\t<meta name=\"twitter:data1\" content=\"4 minuts\" \/>\n<script type=\"application\/ld+json\" class=\"yoast-schema-graph\">{\"@context\":\"https:\/\/schema.org\",\"@graph\":[{\"@type\":\"WebPage\",\"@id\":\"https:\/\/senergyapp.com\/ca\/contacte\/\",\"url\":\"https:\/\/senergyapp.com\/ca\/contacte\/\",\"name\":\"Contacte - SenergyApp I Mejora la productividad de tu organizaci\u00f3n.\",\"isPartOf\":{\"@id\":\"https:\/\/senergyapp.com\/ca\/#website\"},\"datePublished\":\"2022-01-19T12:23:49+00:00\",\"dateModified\":\"2022-01-26T09:50:31+00:00\",\"breadcrumb\":{\"@id\":\"https:\/\/senergyapp.com\/ca\/contacte\/#breadcrumb\"},\"inLanguage\":\"ca\",\"potentialAction\":[{\"@type\":\"ReadAction\",\"target\":[\"https:\/\/senergyapp.com\/ca\/contacte\/\"]}]},{\"@type\":\"BreadcrumbList\",\"@id\":\"https:\/\/senergyapp.com\/ca\/contacte\/#breadcrumb\",\"itemListElement\":[{\"@type\":\"ListItem\",\"position\":1,\"name\":\"Home\",\"item\":\"https:\/\/senergyapp.com\/ca\/\"},{\"@type\":\"ListItem\",\"position\":2,\"name\":\"Contacte\"}]},{\"@type\":\"WebSite\",\"@id\":\"https:\/\/senergyapp.com\/ca\/#website\",\"url\":\"https:\/\/senergyapp.com\/ca\/\",\"name\":\"SenergyApp I Mejora la productividad de tu organizaci\u00f3n.\",\"description\":\"SenergyApp es una plataforma online, con una interfaz f\u00e1cil y c\u00f3moda que en base a test neurocient\u00edficos te permite un mayor conocimiento individual y de los equipos de tu organizaci\u00f3n.  Consigue mejorar de forma significativa la productividad y positividad de los equipos, mientras avanzan hacia el liderazgo, generando conversaciones poderosas basadas en los datos de SenergyApp.\",\"potentialAction\":[{\"@type\":\"SearchAction\",\"target\":{\"@type\":\"EntryPoint\",\"urlTemplate\":\"https:\/\/senergyapp.com\/ca\/?s={search_term_string}\"},\"query-input\":{\"@type\":\"PropertyValueSpecification\",\"valueRequired\":true,\"valueName\":\"search_term_string\"}}],\"inLanguage\":\"ca\"}]}<\/script>\n<!-- \/ Yoast SEO plugin. -->","yoast_head_json":{"title":"Contacte - SenergyApp I Mejora la productividad de tu organizaci\u00f3n.","robots":{"index":"index","follow":"follow","max-snippet":"max-snippet:-1","max-image-preview":"max-image-preview:large","max-video-preview":"max-video-preview:-1"},"canonical":"https:\/\/senergyapp.com\/ca\/contacte\/","og_locale":"ca_ES","og_type":"article","og_title":"Contacte - SenergyApp I Mejora la productividad de tu organizaci\u00f3n.","og_url":"https:\/\/senergyapp.com\/ca\/contacte\/","og_site_name":"SenergyApp I Mejora la productividad de tu organizaci\u00f3n.","article_modified_time":"2022-01-26T09:50:31+00:00","twitter_card":"summary_large_image","twitter_misc":{"Temps estimat de lectura":"4 minuts"},"schema":{"@context":"https:\/\/schema.org","@graph":[{"@type":"WebPage","@id":"https:\/\/senergyapp.com\/ca\/contacte\/","url":"https:\/\/senergyapp.com\/ca\/contacte\/","name":"Contacte - SenergyApp I Mejora la productividad de tu organizaci\u00f3n.","isPartOf":{"@id":"https:\/\/senergyapp.com\/ca\/#website"},"datePublished":"2022-01-19T12:23:49+00:00","dateModified":"2022-01-26T09:50:31+00:00","breadcrumb":{"@id":"https:\/\/senergyapp.com\/ca\/contacte\/#breadcrumb"},"inLanguage":"ca","potentialAction":[{"@type":"ReadAction","target":["https:\/\/senergyapp.com\/ca\/contacte\/"]}]},{"@type":"BreadcrumbList","@id":"https:\/\/senergyapp.com\/ca\/contacte\/#breadcrumb","itemListElement":[{"@type":"ListItem","position":1,"name":"Home","item":"https:\/\/senergyapp.com\/ca\/"},{"@type":"ListItem","position":2,"name":"Contacte"}]},{"@type":"WebSite","@id":"https:\/\/senergyapp.com\/ca\/#website","url":"https:\/\/senergyapp.com\/ca\/","name":"SenergyApp I Mejora la productividad de tu organizaci\u00f3n.","description":"SenergyApp es una plataforma online, con una interfaz f\u00e1cil y c\u00f3moda que en base a test neurocient\u00edficos te permite un mayor conocimiento individual y de los equipos de tu organizaci\u00f3n.  Consigue mejorar de forma significativa la productividad y positividad de los equipos, mientras avanzan hacia el liderazgo, generando conversaciones poderosas basadas en los datos de SenergyApp.","potentialAction":[{"@type":"SearchAction","target":{"@type":"EntryPoint","urlTemplate":"https:\/\/senergyapp.com\/ca\/?s={search_term_string}"},"query-input":{"@type":"PropertyValueSpecification","valueRequired":true,"valueName":"search_term_string"}}],"inLanguage":"ca"}]}},"_links":{"self":[{"href":"https:\/\/senergyapp.com\/ca\/wp-json\/wp\/v2\/pages\/1266","targetHints":{"allow":["GET"]}}],"collection":[{"href":"https:\/\/senergyapp.com\/ca\/wp-json\/wp\/v2\/pages"}],"about":[{"href":"https:\/\/senergyapp.com\/ca\/wp-json\/wp\/v2\/types\/page"}],"author":[{"embeddable":true,"href":"https:\/\/senergyapp.com\/ca\/wp-json\/wp\/v2\/users\/1"}],"replies":[{"embeddable":true,"href":"https:\/\/senergyapp.com\/ca\/wp-json\/wp\/v2\/comments?post=1266"}],"version-history":[{"count":11,"href":"https:\/\/senergyapp.com\/ca\/wp-json\/wp\/v2\/pages\/1266\/revisions"}],"predecessor-version":[{"id":1393,"href":"https:\/\/senergyapp.com\/ca\/wp-json\/wp\/v2\/pages\/1266\/revisions\/1393"}],"wp:attachment":[{"href":"https:\/\/senergyapp.com\/ca\/wp-json\/wp\/v2\/media?parent=1266"}],"curies":[{"name":"wp","href":"https:\/\/api.w.org\/{rel}","templated":true}]}}