{"id":1611,"date":"2022-05-09T08:53:32","date_gmt":"2022-05-09T08:53:32","guid":{"rendered":"https:\/\/senergyapp.com\/politica-de-cookies\/"},"modified":"2025-04-29T18:05:46","modified_gmt":"2025-04-29T18:05:46","slug":"cookies-policy","status":"publish","type":"page","link":"https:\/\/senergyapp.com\/en\/cookies-policy\/","title":{"rendered":"Cookies Policy"},"content":{"rendered":"<div class=\"fusion-fullwidth fullwidth-box fusion-builder-row-1 fusion-flex-container nonhundred-percent-fullwidth non-hundred-percent-height-scrolling fusion-animated\" style=\"--awb-border-radius-top-left:0px;--awb-border-radius-top-right:0px;--awb-border-radius-bottom-right:0px;--awb-border-radius-bottom-left:0px;--awb-padding-top:80px;--awb-padding-top-medium:40px;--awb-padding-right-medium:20px;--awb-padding-left-medium:20px;--awb-padding-top-small:24px;--awb-background-image:linear-gradient(180deg, rgba(255,255,255,0.24) 93%,#ffffff 93%);--awb-flex-wrap:wrap;\" data-animationType=\"fadeInDown\" data-animationDuration=\"1.0\" data-animationOffset=\"top-into-view\" ><div class=\"fusion-builder-row fusion-row fusion-flex-align-items-flex-start fusion-flex-justify-content-center fusion-flex-content-wrap\" style=\"max-width:1248px;margin-left: calc(-4% \/ 2 );margin-right: calc(-4% \/ 2 );\"><div class=\"fusion-layout-column fusion_builder_column fusion-builder-column-0 fusion_builder_column_1_1 1_1 fusion-flex-column fusion-animated\" style=\"--awb-bg-size:cover;--awb-width-large:100%;--awb-margin-top-large:0px;--awb-spacing-right-large:3{1ed09c8f724930052163f6915df883f643ca85579fac184ec53de4099db8b60d};--awb-margin-bottom-large:20px;--awb-spacing-left-large:1.92%;--awb-width-medium:100%;--awb-order-medium:0;--awb-margin-top-medium:0px;--awb-spacing-right-medium:8{1ed09c8f724930052163f6915df883f643ca85579fac184ec53de4099db8b60d};--awb-spacing-left-medium:8{1ed09c8f724930052163f6915df883f643ca85579fac184ec53de4099db8b60d};--awb-width-small:100%;--awb-order-small:0;--awb-spacing-right-small:1.92%;--awb-spacing-left-small:1.92%;\" data-animationType=\"fadeInLeft\" data-animationDuration=\"2.0\" data-animationOffset=\"top-into-view\"><div class=\"fusion-column-wrapper fusion-column-has-shadow fusion-flex-justify-content-flex-start fusion-content-layout-column\"><div class=\"fusion-text fusion-text-1 md-text-align-center sm-text-align-center\" style=\"--awb-content-alignment:left;--awb-font-size:46px;--awb-line-height:1.4em;--awb-text-color:#ffffff;\"><p><span style=\"color: #000000;\"><strong>Cookies Policy<\/strong><\/span><\/p>\n<\/div><div class=\"fusion-separator fusion-full-width-sep\" style=\"align-self: center;margin-left: auto;margin-right: auto;margin-top:20px;margin-bottom:20px;width:100%;\"><\/div><div class=\"fusion-text fusion-text-2\"><p><strong>INTRODUCTION<\/strong><\/p>\n<p>The website of <strong>INSTITUTE FOR TRANSFORMATIONAL LEADERSHIP, S.L. <\/strong>(It uses its own and third-party cookies. A cookie is a file that is downloaded to your computer when you access certain websites. Cookies allow a website, among other purposes, to ensure the correct functioning of the page, to allow the User faster access to the selected services, to store and retrieve information on the browsing habits of a user or their computer and even, depending on the information they contain and the way in which they use their computer, can be used to recognize the User. Cookies are only associated with an anonymous user and their computer or device and do not provide references that allow us to know their personal data, unless expressly authorised by the user.<\/p>\n<p>The User may, at any time, accept or reject the installed cookies that are not strictly necessary for the proper functioning of the website and the User&#8217;s access to its services, through the cookie adjustment panel provided on our website. Likewise, they may configure their browser at any time without this affecting the User&#8217;s ability to access the contents. However, we inform you that the rejection of cookies may reduce the proper functioning of the website.<\/p>\n<p><strong>COOKIES AFFECTED BY THE REGULATIONS AND EXEMPTED COOKIES<\/strong><\/p>\n<p>According to the EU directive, cookies that require informed consent by the user are analytical, advertising and affiliation cookies, excepting those of a technical nature and those necessary for the operation of the website or the provision of services expressly demanded by the user.<\/p>\n<p><strong>TYPE OF COOKIES<\/strong><\/p>\n<ol>\n<li><span style=\"color: var(--awb-text-color); font-family: var(--awb-text-font-family); font-size: var(--awb-font-size); font-style: var(--awb-text-font-style); font-weight: var(--awb-text-font-weight); letter-spacing: var(--awb-letter-spacing); text-align: var(--awb-content-alignment); text-transform: var(--awb-text-transform); background-color: var(--awb-bg-color);\">According to the entity that manages them, there are own Cookies (those that are sent to the user&#8217;s terminal equipment from a computer or domain managed by the editor itself and from which the Sol \u00b7 service tendered by the user is provided) and from third parties (Those that are sent to the user&#8217;s terminal equipment from a computer or domain that is not managed by the editor, but by another entity that processes the data obtained through cookies).<\/span><\/li>\n<li><span style=\"color: var(--awb-text-color); font-family: var(--awb-text-font-family); font-size: var(--awb-font-size); font-style: var(--awb-text-font-style); font-weight: var(--awb-text-font-weight); letter-spacing: var(--awb-letter-spacing); text-align: var(--awb-content-alignment); text-transform: var(--awb-text-transform); background-color: var(--awb-bg-color);\">Depending on how long they remain active, there are session sessions (designed to request and store data while the user accesses a web page) and persistent ones (in which data is stored in the terminal and can be accessed and processed for a defined period by the person responsible for the cookie &#8211; it can go from a few minutes to several years).<\/span><\/li>\n<li><span style=\"color: var(--awb-text-color); font-family: var(--awb-text-font-family); font-size: var(--awb-font-size); font-style: var(--awb-text-font-style); font-weight: var(--awb-text-font-weight); letter-spacing: var(--awb-letter-spacing); text-align: var(--awb-content-alignment); text-transform: var(--awb-text-transform); background-color: var(--awb-bg-color);\">Depending on the <\/span><strong style=\"color: var(--awb-text-color); font-family: var(--awb-text-font-family); font-size: var(--awb-font-size); font-style: var(--awb-text-font-style); letter-spacing: var(--awb-letter-spacing); text-align: var(--awb-content-alignment); text-transform: var(--awb-text-transform); background-color: var(--awb-bg-color);\">purpose<\/strong><span style=\"color: var(--awb-text-color); font-family: var(--awb-text-font-family); font-size: var(--awb-font-size); font-style: var(--awb-text-font-style); font-weight: var(--awb-text-font-weight); letter-spacing: var(--awb-letter-spacing); text-align: var(--awb-content-alignment); text-transform: var(--awb-text-transform); background-color: var(--awb-bg-color);\"> for which they process the information they collect, they can be:<\/span><\/li>\n<\/ol>\n<ul>\n<li><strong>Technical cookies <\/strong>(necessary for the use of the website and the provision of the contracted service),<\/li>\n<li><strong>Personalization <\/strong>cookies (which allow the user to access the service with predefined features, such as language, browser type, regional settings, etc.)<\/li>\n<li><b>A<\/b><strong>nalysis cookies <\/strong>(collect information on the use made of the website),<\/li>\n<li><strong>Advertising cookies<\/strong> (collect information about the preferences and personal choices of users),<\/li>\n<li><strong>Affiliate cookies<\/strong> (allow you to track visits from other websites, with which the website establishes an affiliation contract).<\/li>\n<\/ul>\n<p>&nbsp;<\/p>\n<p><strong>TYPE OF COOKIES USED FOR THIS WEBSITE<\/strong><\/p>\n<p><strong style=\"color: var(--awb-text-color); font-family: var(--awb-text-font-family); font-size: var(--awb-font-size); font-style: var(--awb-text-font-style); letter-spacing: var(--awb-letter-spacing); text-align: var(--awb-content-alignment); text-transform: var(--awb-text-transform); background-color: var(--awb-bg-color-hover);\">REVOCATION<\/strong><\/p>\n<p>At any time you can access the configuration of your browser accepting or rejecting all cookies, or select those that the installation supports and those that do not, following one of the following procedures, which depends on the browser you use:<\/p>\n<ul>\n<li><strong>Google Chrome <\/strong>(in the Tools Menu): <span style=\"color: var(--awb-text-color); font-family: var(--awb-text-font-family); font-size: var(--awb-font-size); font-style: var(--awb-text-font-style); font-weight: var(--awb-text-font-weight); letter-spacing: var(--awb-letter-spacing); text-align: var(--awb-content-alignment); text-transform: var(--awb-text-transform); background-color: var(--awb-bg-color-hover);\">Settings &gt; Show advanced options &gt; Privacy (Content settings) <\/span><span style=\"background-color: var(--awb-bg-color-hover); color: var(--awb-text-color); font-family: var(--awb-text-font-family); font-size: var(--awb-font-size); font-style: var(--awb-text-font-style); font-weight: var(--awb-text-font-weight); letter-spacing: var(--awb-letter-spacing); text-align: var(--awb-content-alignment); text-transform: var(--awb-text-transform);\">&gt; Cookies:<br \/><\/span>https:\/\/support.google.com\/chrome\/answer\/95647?co=GENIE.Platform%3DDesktop&amp;hl=es<\/li>\n<li><strong>Microsoft Edge <\/strong>(Settings Menu): <span style=\"color: var(--awb-text-color); font-family: var(--awb-text-font-family); font-size: var(--awb-font-size); font-style: var(--awb-text-font-style); font-weight: var(--awb-text-font-weight); letter-spacing: var(--awb-letter-spacing); text-align: var(--awb-content-alignment); text-transform: var(--awb-text-transform); background-color: var(--awb-bg-color-hover);\">Settings &gt; Cookies and site permissions:<br \/><\/span>edge:\/\/settings\/content\/cookies<\/li>\n<li><strong>Firefox: <\/strong><span style=\"color: var(--awb-text-color); font-family: var(--awb-text-font-family); font-size: var(--awb-font-size); font-style: var(--awb-text-font-style); font-weight: var(--awb-text-font-weight); letter-spacing: var(--awb-letter-spacing); text-align: var(--awb-content-alignment); text-transform: var(--awb-text-transform); background-color: var(--awb-bg-color-hover);\">Internet Options &gt; Privacy &gt; Cookies:<br \/><\/span>https:\/\/support.mozilla.org\/es\/kb\/habilitar-y-deshabilitar-cookies-sitios-web-rastrear-preferencias<\/li>\n<li><strong>Safari, iPad y iPhone: <\/strong><span style=\"color: var(--awb-text-color); font-family: var(--awb-text-font-family); font-size: var(--awb-font-size); font-style: var(--awb-text-font-style); font-weight: var(--awb-text-font-weight); letter-spacing: var(--awb-letter-spacing); text-align: var(--awb-content-alignment); text-transform: var(--awb-text-transform); background-color: var(--awb-bg-color-hover);\">Preferences &gt; Privacy<br \/><\/span>https:\/\/support.apple.com\/kb\/ph21411?locale=es_ES<\/li>\n<li><strong>Opera: <\/strong><span style=\"color: var(--awb-text-color); font-family: var(--awb-text-font-family); font-size: var(--awb-font-size); font-style: var(--awb-text-font-style); font-weight: var(--awb-text-font-weight); letter-spacing: var(--awb-letter-spacing); text-align: var(--awb-content-alignment); text-transform: var(--awb-text-transform); background-color: var(--awb-bg-color-hover);\">Settings &gt; Options &gt; Advanced &gt; Cookies<br \/><\/span>http:\/\/help.opera.com\/Windows\/12.00\/es-ES\/cookies.html<\/li>\n<\/ul>\n<p>These browsers are subject to changes or modifications, so we cannot guarantee that they fully conform to the version of your browser. You might also use another browser not included in these links such as Konqueror, Arora, Flock, etc. To avoid these mismatches, you can access directly from your browser options, usually in the &#8220;Options&#8221; menu in the &#8220;Privacy&#8221; section. (Please see your browser&#8217;s help for more information).<\/p>\n<p>&nbsp;<\/p>\n<p><strong>CHANGES TO THIS COOKIE POLICY<\/strong><\/p>\n<p><strong>INSTITUTE FOR TRANSFORMATIONAL LEADERSHIP, S.L.<\/strong> reserves the right to modify this policy to adapt it to new legislation or jurisprudence.<\/p>\n<p><strong>DEACTIVATION \/ ACTIVATION AND ELIMINATION OF COOKIES<\/strong><\/p>\n<p>To restrict or block cookies, it is done through the browser settings.<\/p>\n<p>If you do not want websites to put any cookies on your computer, you can adapt your browser settings so that you are notified before any cookies are placed. Similarly, you can adapt the configuration so that the browser rejects all cookies, or only third-party cookies. You can also delete any of the cookies that are already on the computer. Remember that the configuration of each browser and equipment you use must be adapted separately.<\/p>\n<p>Remember that if you do not wish to receive cookies, we can no longer guarantee that our website works properly. Some features of the site may be lost and you may no longer be able to see certain websites. In addition, rejected cookies does not mean that you will no longer see advertisements. The ads simply will not fit your interests and will be repeated more frequently.<\/p>\n<p>Each browser has a different method to adapt the configuration. If necessary, consult the browser&#8217;s help function to set the correct settings.<\/p>\n<p>To disable cookies on your mobile phone, see the device manual for more information.<\/p>\n<p>You can get more information about cookies on the Internet <a href=\"http:\/\/www.aboutcookies.org\/\">http:\/\/www.aboutcookies.org\/<\/a>.<\/p>\n<p>Taking into account the way in which the Internet and websites work, we do not always have information about the cookies placed by third parties through our website. This applies especially to cases where the website contains what are called integrated elements: texts, documents, images or short films that are stored elsewhere, but are displayed on our website or through it.<\/p>\n<p>Therefore, in case you encounter this type of cookies on this website and they are not listed in the previous list, please notify us. Or contact the third party directly to request information about the cookies you place, the purpose and duration of the cookie, and how you have guaranteed your privacy.<\/p>\n<p>&nbsp;<\/p>\n<p><strong>INFORMATION RELATED TO THE PROCESSING OF PERSONAL DATA (ART. 13 GDPR)<\/strong><\/p>\n<p><strong>Who is responsible for the processing of your personal information?<\/strong><\/p>\n<p><strong>INSTITUTE FOR TRANSFORMATIONAL LEADERSHIP, S.L.<\/strong> is responsible for the processing of personal information that you provide to us, located at C\/ Via Augusta, N\u00ba29, 3\u00ba, 08006, Barcelona and with CIF B66871393 and contact mail <a href=\"mailto:rgpd@iftl.eu\">rgpd@iftl.eu<\/a>.<\/p>\n<p><strong>What do we use your personal information for?<\/strong><\/p>\n<p>The information collected through our own cookies (session and user input cookies) are usually used to track user actions when filling out online forms on several pages, or as a shopping cart to track the articles that the user has selected at the press of a button, or to customize the user interface when visiting the website.<\/p>\n<p>The information collected through third-party cookies is as follows:<\/p>\n<ul>\n<li>Through the analytical cookies your browsing habits are analyzed to improve the services provided;<\/li>\n<li>Through behavioral cookies, information about user preferences is collected to manage advertising spaces in the most efficient way possible; Y<\/li>\n<li>Through advertising cookies, the performance of the advertisements is measured and recommendations regarding products based on statistical data are provided.<\/li>\n<\/ul>\n<p>To see exactly the use of cookies see the table on the use of cookies on this website.<\/p>\n<p>&nbsp;<\/p>\n<p><strong>What is the legal basis for the processing of your personal data?<\/strong><\/p>\n<p>The legitimacy for the treatment of your personal data is given by your consent, granted at the time of contacting us, for the use of analytical, behavioral and advertising cookies; For session or personalization cookies, the legitimacy for the treatment is given by the legitimate interest of the provider (responsible for the treatment).<\/p>\n<p><strong>Who do we communicate your data to?<\/strong><\/p>\n<p>Data will not be transferred or communicated to third parties, except by legal obligation or to the third parties indicated in the case of use of cookies managed by them.<\/p>\n<p><strong>What is the term of conservation of your data?<\/strong><\/p>\n<p>The period of conservation of the data collected is the one indicated in the table on the use of cookies on this website.<\/p>\n<p>&nbsp;<\/p>\n<p><strong>What are your rights?<\/strong><\/p>\n<p>The rights that protect the user are those of access, rectification, deletion, portability thereof, withdrawal of consent (without affecting the legality of the treatment granted prior to its withdrawal), opposition to the treatment, limitation (in certain circumstances) and submit a claim to the control authority (the Spanish Agency for data protection, <a href=\"http:\/\/www.aepd\">www.aepd<\/a><u>.es<\/u>).<\/p>\n<\/div><\/div><\/div><\/div><\/div>\n","protected":false},"excerpt":{"rendered":"","protected":false},"author":1,"featured_media":0,"parent":0,"menu_order":0,"comment_status":"closed","ping_status":"closed","template":"100-width.php","meta":{"footnotes":""},"class_list":["post-1611","page","type-page","status-publish","hentry"],"yoast_head":"<!-- This site is optimized with the Yoast SEO plugin v25.0 - https:\/\/yoast.com\/wordpress\/plugins\/seo\/ -->\n<title>Cookies Policy - SenergyApp I Mejora la productividad de tu organizaci\u00f3n.<\/title>\n<meta name=\"robots\" content=\"index, follow, max-snippet:-1, max-image-preview:large, max-video-preview:-1\" \/>\n<link rel=\"canonical\" href=\"https:\/\/senergyapp.com\/en\/cookies-policy\/\" \/>\n<meta property=\"og:locale\" content=\"en_US\" \/>\n<meta property=\"og:type\" content=\"article\" \/>\n<meta property=\"og:title\" content=\"Cookies Policy - SenergyApp I Mejora la productividad de tu organizaci\u00f3n.\" \/>\n<meta property=\"og:url\" content=\"https:\/\/senergyapp.com\/en\/cookies-policy\/\" \/>\n<meta property=\"og:site_name\" content=\"SenergyApp I Mejora la productividad de tu organizaci\u00f3n.\" \/>\n<meta property=\"article:modified_time\" content=\"2025-04-29T18:05:46+00:00\" \/>\n<meta name=\"twitter:card\" content=\"summary_large_image\" \/>\n<meta name=\"twitter:label1\" content=\"Est. reading time\" \/>\n\t<meta name=\"twitter:data1\" content=\"7 minutes\" \/>\n<script type=\"application\/ld+json\" class=\"yoast-schema-graph\">{\"@context\":\"https:\/\/schema.org\",\"@graph\":[{\"@type\":\"WebPage\",\"@id\":\"https:\/\/senergyapp.com\/en\/cookies-policy\/\",\"url\":\"https:\/\/senergyapp.com\/en\/cookies-policy\/\",\"name\":\"Cookies Policy - SenergyApp I Mejora la productividad de tu organizaci\u00f3n.\",\"isPartOf\":{\"@id\":\"https:\/\/senergyapp.com\/en\/#website\"},\"datePublished\":\"2022-05-09T08:53:32+00:00\",\"dateModified\":\"2025-04-29T18:05:46+00:00\",\"breadcrumb\":{\"@id\":\"https:\/\/senergyapp.com\/en\/cookies-policy\/#breadcrumb\"},\"inLanguage\":\"en-US\",\"potentialAction\":[{\"@type\":\"ReadAction\",\"target\":[\"https:\/\/senergyapp.com\/en\/cookies-policy\/\"]}]},{\"@type\":\"BreadcrumbList\",\"@id\":\"https:\/\/senergyapp.com\/en\/cookies-policy\/#breadcrumb\",\"itemListElement\":[{\"@type\":\"ListItem\",\"position\":1,\"name\":\"Home\",\"item\":\"https:\/\/senergyapp.com\/en\/\"},{\"@type\":\"ListItem\",\"position\":2,\"name\":\"Cookies Policy\"}]},{\"@type\":\"WebSite\",\"@id\":\"https:\/\/senergyapp.com\/en\/#website\",\"url\":\"https:\/\/senergyapp.com\/en\/\",\"name\":\"SenergyApp I Mejora la productividad de tu organizaci\u00f3n.\",\"description\":\"SenergyApp es una plataforma online, con una interfaz f\u00e1cil y c\u00f3moda que en base a test neurocient\u00edficos te permite un mayor conocimiento individual y de los equipos de tu organizaci\u00f3n.  Consigue mejorar de forma significativa la productividad y positividad de los equipos, mientras avanzan hacia el liderazgo, generando conversaciones poderosas basadas en los datos de SenergyApp.\",\"potentialAction\":[{\"@type\":\"SearchAction\",\"target\":{\"@type\":\"EntryPoint\",\"urlTemplate\":\"https:\/\/senergyapp.com\/en\/?s={search_term_string}\"},\"query-input\":{\"@type\":\"PropertyValueSpecification\",\"valueRequired\":true,\"valueName\":\"search_term_string\"}}],\"inLanguage\":\"en-US\"}]}<\/script>\n<!-- \/ Yoast SEO plugin. -->","yoast_head_json":{"title":"Cookies Policy - SenergyApp I Mejora la productividad de tu organizaci\u00f3n.","robots":{"index":"index","follow":"follow","max-snippet":"max-snippet:-1","max-image-preview":"max-image-preview:large","max-video-preview":"max-video-preview:-1"},"canonical":"https:\/\/senergyapp.com\/en\/cookies-policy\/","og_locale":"en_US","og_type":"article","og_title":"Cookies Policy - SenergyApp I Mejora la productividad de tu organizaci\u00f3n.","og_url":"https:\/\/senergyapp.com\/en\/cookies-policy\/","og_site_name":"SenergyApp I Mejora la productividad de tu organizaci\u00f3n.","article_modified_time":"2025-04-29T18:05:46+00:00","twitter_card":"summary_large_image","twitter_misc":{"Est. reading time":"7 minutes"},"schema":{"@context":"https:\/\/schema.org","@graph":[{"@type":"WebPage","@id":"https:\/\/senergyapp.com\/en\/cookies-policy\/","url":"https:\/\/senergyapp.com\/en\/cookies-policy\/","name":"Cookies Policy - SenergyApp I Mejora la productividad de tu organizaci\u00f3n.","isPartOf":{"@id":"https:\/\/senergyapp.com\/en\/#website"},"datePublished":"2022-05-09T08:53:32+00:00","dateModified":"2025-04-29T18:05:46+00:00","breadcrumb":{"@id":"https:\/\/senergyapp.com\/en\/cookies-policy\/#breadcrumb"},"inLanguage":"en-US","potentialAction":[{"@type":"ReadAction","target":["https:\/\/senergyapp.com\/en\/cookies-policy\/"]}]},{"@type":"BreadcrumbList","@id":"https:\/\/senergyapp.com\/en\/cookies-policy\/#breadcrumb","itemListElement":[{"@type":"ListItem","position":1,"name":"Home","item":"https:\/\/senergyapp.com\/en\/"},{"@type":"ListItem","position":2,"name":"Cookies Policy"}]},{"@type":"WebSite","@id":"https:\/\/senergyapp.com\/en\/#website","url":"https:\/\/senergyapp.com\/en\/","name":"SenergyApp I Mejora la productividad de tu organizaci\u00f3n.","description":"SenergyApp es una plataforma online, con una interfaz f\u00e1cil y c\u00f3moda que en base a test neurocient\u00edficos te permite un mayor conocimiento individual y de los equipos de tu organizaci\u00f3n.  Consigue mejorar de forma significativa la productividad y positividad de los equipos, mientras avanzan hacia el liderazgo, generando conversaciones poderosas basadas en los datos de SenergyApp.","potentialAction":[{"@type":"SearchAction","target":{"@type":"EntryPoint","urlTemplate":"https:\/\/senergyapp.com\/en\/?s={search_term_string}"},"query-input":{"@type":"PropertyValueSpecification","valueRequired":true,"valueName":"search_term_string"}}],"inLanguage":"en-US"}]}},"_links":{"self":[{"href":"https:\/\/senergyapp.com\/en\/wp-json\/wp\/v2\/pages\/1611","targetHints":{"allow":["GET"]}}],"collection":[{"href":"https:\/\/senergyapp.com\/en\/wp-json\/wp\/v2\/pages"}],"about":[{"href":"https:\/\/senergyapp.com\/en\/wp-json\/wp\/v2\/types\/page"}],"author":[{"embeddable":true,"href":"https:\/\/senergyapp.com\/en\/wp-json\/wp\/v2\/users\/1"}],"replies":[{"embeddable":true,"href":"https:\/\/senergyapp.com\/en\/wp-json\/wp\/v2\/comments?post=1611"}],"version-history":[{"count":4,"href":"https:\/\/senergyapp.com\/en\/wp-json\/wp\/v2\/pages\/1611\/revisions"}],"predecessor-version":[{"id":1616,"href":"https:\/\/senergyapp.com\/en\/wp-json\/wp\/v2\/pages\/1611\/revisions\/1616"}],"wp:attachment":[{"href":"https:\/\/senergyapp.com\/en\/wp-json\/wp\/v2\/media?parent=1611"}],"curies":[{"name":"wp","href":"https:\/\/api.w.org\/{rel}","templated":true}]}}